{"id":15,"date":"2023-04-18T09:01:19","date_gmt":"2023-04-18T09:01:19","guid":{"rendered":"https:\/\/www.madiwords.ro\/about\/"},"modified":"2023-04-26T14:20:57","modified_gmt":"2023-04-26T14:20:57","slug":"about","status":"publish","type":"page","link":"https:\/\/www.madiwords.ro\/en\/about\/","title":{"rendered":"About"},"content":{"rendered":"<h2>TEXTE DE ATMOSFER\u0102<\/h2>\r\n\n\n\r\n<p style=\"text-align: center; color: #5d5d5d;\"><span style=\"text-align: left;\">Fiecare text poart\u0103 o atmosfer\u0103 \u00een jurul s\u0103u. Aceasta poate fi s\u0103n\u0103toas\u0103 \u0219i revigorant\u0103, sau poate face dintr-un mic loc al lumii un loc mai dulce \u0219i mai bun pentru a tr\u0103i demn \u0219i frumos.<\/span><\/p>\r\n\n\n\n\r\n<h2>\u00a0<\/h2>\r\n\n\r\n<p style=\"text-align: left; color: #5d5d5d;\"><em>&#8222;(&#8230;) \u0218i cred c\u0103 este admirabil s\u0103 r\u00e2zi din toat\u0103 inima \u00een loc s\u0103 te mul\u021bume\u0219ti cu un z\u00e2mbet \u00eeng\u0103duitor. S\u0103 nu r\u0103m\u00e2i impasibil c\u00e2nd auzi o melodie, chiar dac\u0103 majoritatea o fac. S\u0103 la\u0219i s\u0103 \u021bi se citeasc\u0103 sentimentele pe fa\u021b\u0103 \u00een loc s\u0103 afi\u0219ezi o masc\u0103 impenetrabil\u0103 de team\u0103 c\u0103 cineva ar putea vedea c\u00e2nd via\u021ba te p\u0103trunde din plin. Pentru c\u0103 uneori ajungem s\u0103 credem \u00een mod eronat c\u0103 o atitudine sarcastic\u0103 e aproape inteligen\u021b\u0103, ca \u0219i cum asta te-ar face dintr-o dat\u0103 mai sofisticat. Pentru mine, inteligen\u021ba o s\u0103 \u00eensemne mereu ceva plin de via\u021b\u0103, ceva energic \u0219i \u00eentotdeauna frumos!&#8221;- mar\u021bi, 8 august, 2017<\/em><\/p>\r\n\n\r\n<p style=\"text-align: left; color: #5d5d5d;\">.<\/p>\r\n\n\n\n\n\n\r\n<p style=\"font-family: Adamina; font-size: large; text-align: center;\"><span style=\"font-size: medium;\">\u201dWe write to taste life twice, in the moment and in retrospect.\u201d \u2014\u00a0Ana\u00efs\u00a0Nin<\/span><\/p>","protected":false},"excerpt":{"rendered":"","protected":false},"author":1,"featured_media":0,"parent":0,"menu_order":0,"comment_status":"closed","ping_status":"closed","template":"","meta":{"pagelayer_contact_templates":[],"_pagelayer_content":"","footnotes":"","_links_to":"","_links_to_target":""},"class_list":["post-15","page","type-page","status-publish","hentry"],"jetpack_sharing_enabled":true,"_links":{"self":[{"href":"https:\/\/www.madiwords.ro\/en\/wp-json\/wp\/v2\/pages\/15","targetHints":{"allow":["GET"]}}],"collection":[{"href":"https:\/\/www.madiwords.ro\/en\/wp-json\/wp\/v2\/pages"}],"about":[{"href":"https:\/\/www.madiwords.ro\/en\/wp-json\/wp\/v2\/types\/page"}],"author":[{"embeddable":true,"href":"https:\/\/www.madiwords.ro\/en\/wp-json\/wp\/v2\/users\/1"}],"replies":[{"embeddable":true,"href":"https:\/\/www.madiwords.ro\/en\/wp-json\/wp\/v2\/comments?post=15"}],"version-history":[{"count":45,"href":"https:\/\/www.madiwords.ro\/en\/wp-json\/wp\/v2\/pages\/15\/revisions"}],"predecessor-version":[{"id":147,"href":"https:\/\/www.madiwords.ro\/en\/wp-json\/wp\/v2\/pages\/15\/revisions\/147"}],"wp:attachment":[{"href":"https:\/\/www.madiwords.ro\/en\/wp-json\/wp\/v2\/media?parent=15"}],"curies":[{"name":"wp","href":"https:\/\/api.w.org\/{rel}","templated":true}]}}